{"id":3190,"date":"2024-04-22T10:53:26","date_gmt":"2024-04-22T08:53:26","guid":{"rendered":"https:\/\/natiwhey.com\/produit\/measuring-spoon\/"},"modified":"2024-04-22T10:53:26","modified_gmt":"2024-04-22T08:53:26","slug":"measuring-spoon","status":"publish","type":"product","link":"https:\/\/natiwhey.com\/en\/product\/measuring-spoon\/","title":{"rendered":"Measuring spoon"},"content":{"rendered":"","protected":false},"excerpt":{"rendered":"","protected":false},"featured_media":2184,"comment_status":"closed","ping_status":"closed","template":"","meta":{"_acf_changed":false,"_et_pb_use_builder":"","_et_pb_old_content":"","_et_gb_content_width":"","inline_featured_image":false},"product_brand":[],"product_cat":[88],"product_tag":[],"class_list":{"0":"post-3190","1":"product","2":"type-product","3":"status-publish","4":"has-post-thumbnail","6":"product_cat-accessories","8":"first","9":"instock","10":"taxable","11":"shipping-taxable","12":"purchasable","13":"product-type-simple"},"acf":[],"yoast_head":"<!-- This site is optimized with the Yoast SEO plugin v27.3 - https:\/\/yoast.com\/product\/yoast-seo-wordpress\/ -->\n<title>Measuring spoon - Natiw\u00e9<\/title>\n<meta name=\"robots\" content=\"index, follow, max-snippet:-1, max-image-preview:large, max-video-preview:-1\" \/>\n<link rel=\"canonical\" href=\"https:\/\/natiwhey.com\/en\/product\/measuring-spoon\/\" \/>\n<meta property=\"og:locale\" content=\"en_US\" \/>\n<meta property=\"og:type\" content=\"article\" \/>\n<meta property=\"og:title\" content=\"Measuring spoon - Natiw\u00e9\" \/>\n<meta property=\"og:url\" content=\"https:\/\/natiwhey.com\/en\/product\/measuring-spoon\/\" \/>\n<meta property=\"og:site_name\" content=\"Natiw\u00e9\" \/>\n<meta property=\"og:image\" content=\"https:\/\/natiwhey.com\/wp-content\/uploads\/2024\/04\/cuillere-doseuse.jpg\" \/>\n\t<meta property=\"og:image:width\" content=\"500\" \/>\n\t<meta property=\"og:image:height\" content=\"477\" \/>\n\t<meta property=\"og:image:type\" content=\"image\/jpeg\" \/>\n<meta name=\"twitter:card\" content=\"summary_large_image\" \/>\n<script type=\"application\/ld+json\" class=\"yoast-schema-graph\">{\"@context\":\"https:\\\/\\\/schema.org\",\"@graph\":[{\"@type\":\"WebPage\",\"@id\":\"https:\\\/\\\/natiwhey.com\\\/en\\\/product\\\/measuring-spoon\\\/\",\"url\":\"https:\\\/\\\/natiwhey.com\\\/en\\\/product\\\/measuring-spoon\\\/\",\"name\":\"Measuring spoon - Natiw\u00e9\",\"isPartOf\":{\"@id\":\"https:\\\/\\\/natiwhey.com\\\/en\\\/#website\"},\"primaryImageOfPage\":{\"@id\":\"https:\\\/\\\/natiwhey.com\\\/en\\\/product\\\/measuring-spoon\\\/#primaryimage\"},\"image\":{\"@id\":\"https:\\\/\\\/natiwhey.com\\\/en\\\/product\\\/measuring-spoon\\\/#primaryimage\"},\"thumbnailUrl\":\"https:\\\/\\\/natiwhey.com\\\/wp-content\\\/uploads\\\/2024\\\/04\\\/cuillere-doseuse.jpg\",\"datePublished\":\"2024-04-22T08:53:26+00:00\",\"breadcrumb\":{\"@id\":\"https:\\\/\\\/natiwhey.com\\\/en\\\/product\\\/measuring-spoon\\\/#breadcrumb\"},\"inLanguage\":\"en-US\",\"potentialAction\":[{\"@type\":\"ReadAction\",\"target\":[\"https:\\\/\\\/natiwhey.com\\\/en\\\/product\\\/measuring-spoon\\\/\"]}]},{\"@type\":\"ImageObject\",\"inLanguage\":\"en-US\",\"@id\":\"https:\\\/\\\/natiwhey.com\\\/en\\\/product\\\/measuring-spoon\\\/#primaryimage\",\"url\":\"https:\\\/\\\/natiwhey.com\\\/wp-content\\\/uploads\\\/2024\\\/04\\\/cuillere-doseuse.jpg\",\"contentUrl\":\"https:\\\/\\\/natiwhey.com\\\/wp-content\\\/uploads\\\/2024\\\/04\\\/cuillere-doseuse.jpg\",\"width\":500,\"height\":477,\"caption\":\"Cuill\u00e8re doseuse pour whey prot\u00e9ine Natiw\u00e9\"},{\"@type\":\"BreadcrumbList\",\"@id\":\"https:\\\/\\\/natiwhey.com\\\/en\\\/product\\\/measuring-spoon\\\/#breadcrumb\",\"itemListElement\":[{\"@type\":\"ListItem\",\"position\":1,\"name\":\"Accueil\",\"item\":\"https:\\\/\\\/natiwhey.com\\\/en\\\/\"},{\"@type\":\"ListItem\",\"position\":2,\"name\":\"Store\",\"item\":\"https:\\\/\\\/natiwhey.com\\\/en\\\/shop\\\/\"},{\"@type\":\"ListItem\",\"position\":3,\"name\":\"Measuring spoon\"}]},{\"@type\":\"WebSite\",\"@id\":\"https:\\\/\\\/natiwhey.com\\\/en\\\/#website\",\"url\":\"https:\\\/\\\/natiwhey.com\\\/en\\\/\",\"name\":\"Natiw\u00e8\",\"description\":\"votre nutrition, notre nature\",\"publisher\":{\"@id\":\"https:\\\/\\\/natiwhey.com\\\/en\\\/#organization\"},\"potentialAction\":[{\"@type\":\"SearchAction\",\"target\":{\"@type\":\"EntryPoint\",\"urlTemplate\":\"https:\\\/\\\/natiwhey.com\\\/en\\\/?s={search_term_string}\"},\"query-input\":{\"@type\":\"PropertyValueSpecification\",\"valueRequired\":true,\"valueName\":\"search_term_string\"}}],\"inLanguage\":\"en-US\"},{\"@type\":\"Organization\",\"@id\":\"https:\\\/\\\/natiwhey.com\\\/en\\\/#organization\",\"name\":\"Natiw\u00e8\",\"url\":\"https:\\\/\\\/natiwhey.com\\\/en\\\/\",\"logo\":{\"@type\":\"ImageObject\",\"inLanguage\":\"en-US\",\"@id\":\"https:\\\/\\\/natiwhey.com\\\/en\\\/#\\\/schema\\\/logo\\\/image\\\/\",\"url\":\"https:\\\/\\\/natiwhey.com\\\/wp-content\\\/uploads\\\/2024\\\/01\\\/logo-natiwe-nutrition-nature.png\",\"contentUrl\":\"https:\\\/\\\/natiwhey.com\\\/wp-content\\\/uploads\\\/2024\\\/01\\\/logo-natiwe-nutrition-nature.png\",\"width\":299,\"height\":90,\"caption\":\"Natiw\u00e8\"},\"image\":{\"@id\":\"https:\\\/\\\/natiwhey.com\\\/en\\\/#\\\/schema\\\/logo\\\/image\\\/\"}}]}<\/script>\n<!-- \/ Yoast SEO plugin. -->","yoast_head_json":{"title":"Measuring spoon - Natiw\u00e9","robots":{"index":"index","follow":"follow","max-snippet":"max-snippet:-1","max-image-preview":"max-image-preview:large","max-video-preview":"max-video-preview:-1"},"canonical":"https:\/\/natiwhey.com\/en\/product\/measuring-spoon\/","og_locale":"en_US","og_type":"article","og_title":"Measuring spoon - Natiw\u00e9","og_url":"https:\/\/natiwhey.com\/en\/product\/measuring-spoon\/","og_site_name":"Natiw\u00e9","og_image":[{"width":500,"height":477,"url":"https:\/\/natiwhey.com\/wp-content\/uploads\/2024\/04\/cuillere-doseuse.jpg","type":"image\/jpeg"}],"twitter_card":"summary_large_image","schema":{"@context":"https:\/\/schema.org","@graph":[{"@type":"WebPage","@id":"https:\/\/natiwhey.com\/en\/product\/measuring-spoon\/","url":"https:\/\/natiwhey.com\/en\/product\/measuring-spoon\/","name":"Measuring spoon - Natiw\u00e9","isPartOf":{"@id":"https:\/\/natiwhey.com\/en\/#website"},"primaryImageOfPage":{"@id":"https:\/\/natiwhey.com\/en\/product\/measuring-spoon\/#primaryimage"},"image":{"@id":"https:\/\/natiwhey.com\/en\/product\/measuring-spoon\/#primaryimage"},"thumbnailUrl":"https:\/\/natiwhey.com\/wp-content\/uploads\/2024\/04\/cuillere-doseuse.jpg","datePublished":"2024-04-22T08:53:26+00:00","breadcrumb":{"@id":"https:\/\/natiwhey.com\/en\/product\/measuring-spoon\/#breadcrumb"},"inLanguage":"en-US","potentialAction":[{"@type":"ReadAction","target":["https:\/\/natiwhey.com\/en\/product\/measuring-spoon\/"]}]},{"@type":"ImageObject","inLanguage":"en-US","@id":"https:\/\/natiwhey.com\/en\/product\/measuring-spoon\/#primaryimage","url":"https:\/\/natiwhey.com\/wp-content\/uploads\/2024\/04\/cuillere-doseuse.jpg","contentUrl":"https:\/\/natiwhey.com\/wp-content\/uploads\/2024\/04\/cuillere-doseuse.jpg","width":500,"height":477,"caption":"Cuill\u00e8re doseuse pour whey prot\u00e9ine Natiw\u00e9"},{"@type":"BreadcrumbList","@id":"https:\/\/natiwhey.com\/en\/product\/measuring-spoon\/#breadcrumb","itemListElement":[{"@type":"ListItem","position":1,"name":"Accueil","item":"https:\/\/natiwhey.com\/en\/"},{"@type":"ListItem","position":2,"name":"Store","item":"https:\/\/natiwhey.com\/en\/shop\/"},{"@type":"ListItem","position":3,"name":"Measuring spoon"}]},{"@type":"WebSite","@id":"https:\/\/natiwhey.com\/en\/#website","url":"https:\/\/natiwhey.com\/en\/","name":"Natiw\u00e8","description":"votre nutrition, notre nature","publisher":{"@id":"https:\/\/natiwhey.com\/en\/#organization"},"potentialAction":[{"@type":"SearchAction","target":{"@type":"EntryPoint","urlTemplate":"https:\/\/natiwhey.com\/en\/?s={search_term_string}"},"query-input":{"@type":"PropertyValueSpecification","valueRequired":true,"valueName":"search_term_string"}}],"inLanguage":"en-US"},{"@type":"Organization","@id":"https:\/\/natiwhey.com\/en\/#organization","name":"Natiw\u00e8","url":"https:\/\/natiwhey.com\/en\/","logo":{"@type":"ImageObject","inLanguage":"en-US","@id":"https:\/\/natiwhey.com\/en\/#\/schema\/logo\/image\/","url":"https:\/\/natiwhey.com\/wp-content\/uploads\/2024\/01\/logo-natiwe-nutrition-nature.png","contentUrl":"https:\/\/natiwhey.com\/wp-content\/uploads\/2024\/01\/logo-natiwe-nutrition-nature.png","width":299,"height":90,"caption":"Natiw\u00e8"},"image":{"@id":"https:\/\/natiwhey.com\/en\/#\/schema\/logo\/image\/"}}]}},"_links":{"self":[{"href":"https:\/\/natiwhey.com\/en\/wp-json\/wp\/v2\/product\/3190","targetHints":{"allow":["GET"]}}],"collection":[{"href":"https:\/\/natiwhey.com\/en\/wp-json\/wp\/v2\/product"}],"about":[{"href":"https:\/\/natiwhey.com\/en\/wp-json\/wp\/v2\/types\/product"}],"replies":[{"embeddable":true,"href":"https:\/\/natiwhey.com\/en\/wp-json\/wp\/v2\/comments?post=3190"}],"wp:featuredmedia":[{"embeddable":true,"href":"https:\/\/natiwhey.com\/en\/wp-json\/wp\/v2\/media\/2184"}],"wp:attachment":[{"href":"https:\/\/natiwhey.com\/en\/wp-json\/wp\/v2\/media?parent=3190"}],"wp:term":[{"taxonomy":"product_brand","embeddable":true,"href":"https:\/\/natiwhey.com\/en\/wp-json\/wp\/v2\/product_brand?post=3190"},{"taxonomy":"product_cat","embeddable":true,"href":"https:\/\/natiwhey.com\/en\/wp-json\/wp\/v2\/product_cat?post=3190"},{"taxonomy":"product_tag","embeddable":true,"href":"https:\/\/natiwhey.com\/en\/wp-json\/wp\/v2\/product_tag?post=3190"}],"curies":[{"name":"wp","href":"https:\/\/api.w.org\/{rel}","templated":true}]}}